{"id":7,"date":"2024-07-03T17:00:20","date_gmt":"2024-07-03T20:00:20","guid":{"rendered":"https:\/\/opjengenharia.com.br\/?page_id=7"},"modified":"2024-07-10T18:15:29","modified_gmt":"2024-07-10T21:15:29","slug":"home","status":"publish","type":"page","link":"https:\/\/opjengenharia.com.br\/","title":{"rendered":"Casa"},"content":{"rendered":"\n<div class=\"wp-block-cover alignfull has-small-font-size\" style=\"min-height:909px;aspect-ratio:unset;\"><span aria-hidden=\"true\" class=\"wp-block-cover__background has-background-dim-0 has-background-dim has-background-gradient has-cool-to-warm-spectrum-gradient-background\"><\/span><img loading=\"lazy\" decoding=\"async\" width=\"4997\" height=\"2618\" class=\"wp-block-cover__image-background wp-image-64\" alt=\"\" src=\"http:\/\/opjengenharia.com.br\/wp-content\/uploads\/2024\/07\/teste-1-1.png\" style=\"object-position:100% 0%\" data-object-fit=\"cover\" data-object-position=\"100% 0%\" srcset=\"https:\/\/opjengenharia.com.br\/wp-content\/uploads\/2024\/07\/teste-1-1.png 4997w, https:\/\/opjengenharia.com.br\/wp-content\/uploads\/2024\/07\/teste-1-1-300x157.png 300w, https:\/\/opjengenharia.com.br\/wp-content\/uploads\/2024\/07\/teste-1-1-1024x536.png 1024w, https:\/\/opjengenharia.com.br\/wp-content\/uploads\/2024\/07\/teste-1-1-768x402.png 768w, https:\/\/opjengenharia.com.br\/wp-content\/uploads\/2024\/07\/teste-1-1-1536x805.png 1536w, https:\/\/opjengenharia.com.br\/wp-content\/uploads\/2024\/07\/teste-1-1-2048x1073.png 2048w\" sizes=\"(max-width: 4997px) 100vw, 4997px\" \/><div class=\"wp-block-cover__inner-container is-layout-flow wp-block-cover-is-layout-flow\">\n<p class=\"has-text-align-center has-large-font-size\"><\/p>\n<\/div><\/div>\n\n\n\n<div class=\"wp-block-group alignfull has-ast-global-color-5-background-color has-background is-layout-constrained wp-container-core-group-is-layout-1 wp-block-group-is-layout-constrained\" style=\"padding-bottom:0px\">\n<div class=\"wp-block-columns alignfull are-vertically-aligned-top is-layout-flex wp-container-core-columns-is-layout-1 wp-block-columns-is-layout-flex\">\n<div class=\"wp-block-column is-vertically-aligned-top is-layout-flow wp-container-core-column-is-layout-1 wp-block-column-is-layout-flow\">\n<figure class=\"wp-block-image size-full is-resized\"><img loading=\"lazy\" decoding=\"async\" width=\"187\" height=\"190\" src=\"https:\/\/opjengenharia.com.br\/wp-content\/uploads\/2024\/07\/Sem-titulo-4.png\" alt=\"\" class=\"wp-image-71\" style=\"width:50px\"\/><\/figure>\n\n\n\n<h3 class=\"wp-block-heading has-text-align-left has-medium-font-size\" style=\"margin-top:16px\">Nossa Casa<\/h3>\n\n\n\n<p class=\"has-text-align-left has-small-font-size\">Nosso time de colaboradores \u00e9 a nossa maior ess\u00eancia.<\/p>\n\n\n\n<p class=\"has-text-align-left has-small-font-size\">Com profissionais qualificados, oferecemos aos nossos clientes um atendimento com qualidade e responsabilidade t\u00e9cnica. <\/p>\n\n\n\n<p class=\"has-text-align-left has-small-font-size\">A OPJ Engenharia investe altamente em treinamento e capacita\u00e7\u00e3o para os seus colaboradores, procurando sempre ser um diferencial no atendimento ao nosso cliente.<\/p>\n<\/div>\n\n\n\n<div class=\"wp-block-column is-vertically-aligned-top is-layout-flow wp-container-core-column-is-layout-2 wp-block-column-is-layout-flow\">\n<figure class=\"wp-block-image size-full is-resized is-style-default\"><img loading=\"lazy\" decoding=\"async\" width=\"187\" height=\"189\" src=\"https:\/\/opjengenharia.com.br\/wp-content\/uploads\/2024\/07\/alvo.png\" alt=\"\" class=\"wp-image-67\" style=\"width:50px\"\/><\/figure>\n\n\n\n<h3 class=\"wp-block-heading has-text-align-left has-medium-font-size\" style=\"margin-top:16px\">Miss\u00e3o<\/h3>\n\n\n\n<p class=\"has-text-align-left has-small-font-size\">Trazer um atendimento diferenciado com qualidade aos nossos clientes, entregando solu\u00e7\u00f5es e otimiza\u00e7\u00f5es tecnol\u00f3gicas aos seus projetos. <\/p>\n\n\n\n<p class=\"has-small-font-size\">Oferecendo sempre uma m\u00e3o de obra t\u00e9cnica com profissionais qualificados visando a fidelidade dos nossos clientes.<\/p>\n<\/div>\n\n\n\n<div class=\"wp-block-column is-vertically-aligned-top is-layout-flow wp-container-core-column-is-layout-3 wp-block-column-is-layout-flow\">\n<figure class=\"wp-block-image size-full is-resized\"><img loading=\"lazy\" decoding=\"async\" width=\"187\" height=\"190\" src=\"https:\/\/opjengenharia.com.br\/wp-content\/uploads\/2024\/07\/visao.png\" alt=\"\" class=\"wp-image-69\" style=\"width:50px\"\/><\/figure>\n\n\n\n<h3 class=\"wp-block-heading has-text-align-left has-medium-font-size\" style=\"margin-top:16px\">Vis\u00e3o<\/h3>\n\n\n\n<p class=\"has-text-align-left has-small-font-size\">Ser uma empresa destaque, com diferencial no atendimento ao cliente e em nossos servi\u00e7os prestados, a fim de ser reconhecida pelo bom trabalho.<\/p>\n<\/div>\n\n\n\n<div class=\"wp-block-column is-vertically-aligned-top is-layout-flow wp-container-core-column-is-layout-4 wp-block-column-is-layout-flow\">\n<figure class=\"wp-block-image size-full is-resized\"><img loading=\"lazy\" decoding=\"async\" width=\"188\" height=\"190\" src=\"https:\/\/opjengenharia.com.br\/wp-content\/uploads\/2024\/07\/valor.png\" alt=\"\" class=\"wp-image-70\" style=\"width:50px;height:auto\"\/><\/figure>\n\n\n\n<h3 class=\"wp-block-heading has-text-align-left has-medium-font-size\" style=\"margin-top:16px\">Valores<\/h3>\n\n\n\n<p class=\"has-text-align-left has-small-font-size\">Satisfa\u00e7\u00e3o dos nossos clientes, \u00e9tica, transpar\u00eancia nos processos construtivos, comprometimento e respeito com as pessoas e com o meio ambiente.<\/p>\n<\/div>\n<\/div>\n\n\n\n<p><\/p>\n\n\n\n<p><\/p>\n\n\n\n<p><\/p>\n\n\n\n<p><font _mstmutation=\"1\"><\/font><\/p>\n<\/div>\n\n\n\n<div class=\"wp-block-group alignfull has-ast-global-color-4-background-color has-background is-layout-constrained wp-block-group-is-layout-constrained\" id=\"services\">\n<div class=\"wp-block-media-text is-stacked-on-mobile is-vertically-aligned-top\" style=\"grid-template-columns:47% auto\"><figure class=\"wp-block-media-text__media\"><img loading=\"lazy\" decoding=\"async\" width=\"1024\" height=\"1024\" src=\"http:\/\/opjengenharia.com.br\/wp-content\/uploads\/2024\/07\/WhatsApp-Image-2024-07-06-at-12.32.28-1024x1024.jpeg\" alt=\"\" class=\"wp-image-122 size-full\" srcset=\"https:\/\/opjengenharia.com.br\/wp-content\/uploads\/2024\/07\/WhatsApp-Image-2024-07-06-at-12.32.28-1024x1024.jpeg 1024w, https:\/\/opjengenharia.com.br\/wp-content\/uploads\/2024\/07\/WhatsApp-Image-2024-07-06-at-12.32.28-300x300.jpeg 300w, https:\/\/opjengenharia.com.br\/wp-content\/uploads\/2024\/07\/WhatsApp-Image-2024-07-06-at-12.32.28-150x150.jpeg 150w, https:\/\/opjengenharia.com.br\/wp-content\/uploads\/2024\/07\/WhatsApp-Image-2024-07-06-at-12.32.28-768x768.jpeg 768w, https:\/\/opjengenharia.com.br\/wp-content\/uploads\/2024\/07\/WhatsApp-Image-2024-07-06-at-12.32.28.jpeg 1280w\" sizes=\"(max-width: 1024px) 100vw, 1024px\" \/><\/figure><div class=\"wp-block-media-text__content\">\n<p class=\"has-text-align-center has-ast-global-color-8-color has-text-color has-link-color has-medium-font-size wp-elements-634acadb5bc8289103411c4ddd2b2ce4\" style=\"padding-top:var(--wp--preset--spacing--50);padding-right:0;padding-bottom:var(--wp--preset--spacing--50);padding-left:0\"><strong>\u00c1reas de atua\u00e7\u00e3o.<\/strong><\/p>\n\n\n\n<ul class=\"wp-block-list\">\n<li>Industria aliment\u00edcia;<\/li>\n\n\n\n<li>Farmac\u00eautica;<\/li>\n\n\n\n<li>Hospitalar;<\/li>\n\n\n\n<li>Laboratorial;<\/li>\n\n\n\n<li>Calculo de carga t\u00e9rmica<\/li>\n\n\n\n<li>Projetos<\/li>\n\n\n\n<li>Estrutura met\u00e1lica<\/li>\n\n\n\n<li>Mezanino<\/li>\n\n\n\n<li>Cobertura<\/li>\n\n\n\n<li>Base de concretos<\/li>\n\n\n\n<li>Laudo e instala\u00e7\u00e3o de SPDA;<\/li>\n\n\n\n<li>Rede hidr\u00e1ulica (PPR, PVC-u, FG, A\u00e7o Carbono, Inox)<\/li>\n<\/ul>\n<\/div><\/div>\n<\/div>\n\n\n\n<div class=\"wp-block-group alignfull is-layout-constrained wp-block-group-is-layout-constrained\" id=\"about\" style=\"padding-top:143px;padding-bottom:144px\">\n<pre class=\"wp-block-verse has-ast-global-color-5-background-color has-background\"><br><font _mstmutation=\"1\"><\/font><\/pre>\n\n\n\n<div class=\"wp-block-media-text alignfull has-media-on-the-right is-stacked-on-mobile is-vertically-aligned-center\"><div class=\"wp-block-media-text__content\">\n<div class=\"inherit-container-width wp-block-group is-layout-constrained wp-container-core-group-is-layout-3 wp-block-group-is-layout-constrained\" style=\"padding-right:80px\">\n<h2 class=\"wp-block-heading has-large-font-size\" style=\"padding-right:40px\">Nossa hist\u00f3ria.<\/h2>\n\n\n\n<p style=\"font-size:15px\">Fundada em 1995, a OPJ Engenharia foi criada e desenvolvida para o ramo de ar- condicionado, atuando em diversas \u00e1reas, s\u00e3o elas ind\u00fastria aliment\u00edcia, farmac\u00eautica, hospitalar, escrit\u00f3rio, condom\u00ednios, laborat\u00f3rios. Procurando atender a demanda e necessidade dos nossos clientes, a OPJ se reestruturou adicionando em seu portif\u00f3lio trabalhos voltados para a \u00e1rea civil e edifica\u00e7\u00f5es.<\/p>\n\n\n\n<p style=\"font-size:15px\">Desenvolvendo trabalhos de forma respons\u00e1vel, com \u00e9tica primando os nossos valores e responsabilidades com os nossos clientes, trazendo uma concep\u00e7\u00e3o inovadora e inteligente, fornecendo uma melhor solu\u00e7\u00e3o para o seu ambiente projetado. Temos como principio a fideliza\u00e7\u00e3o dos nossos clientes, atrav\u00e9s de uma rela\u00e7\u00e3o transparente e justa em todas as obras executadas, o que tornou a OPJ Engenharia uma empresa conceituada no ramo em que atua.<\/p>\n<\/div>\n<\/div><figure class=\"wp-block-media-text__media\"><img loading=\"lazy\" decoding=\"async\" width=\"1024\" height=\"341\" src=\"http:\/\/opjengenharia.com.br\/wp-content\/uploads\/2024\/07\/WhatsApp-Image-2024-07-06-at-12.32.01-1024x341.jpeg\" alt=\"\" class=\"wp-image-90 size-full\" srcset=\"https:\/\/opjengenharia.com.br\/wp-content\/uploads\/2024\/07\/WhatsApp-Image-2024-07-06-at-12.32.01-1024x341.jpeg 1024w, https:\/\/opjengenharia.com.br\/wp-content\/uploads\/2024\/07\/WhatsApp-Image-2024-07-06-at-12.32.01-300x100.jpeg 300w, https:\/\/opjengenharia.com.br\/wp-content\/uploads\/2024\/07\/WhatsApp-Image-2024-07-06-at-12.32.01-768x256.jpeg 768w, https:\/\/opjengenharia.com.br\/wp-content\/uploads\/2024\/07\/WhatsApp-Image-2024-07-06-at-12.32.01.jpeg 1280w\" sizes=\"(max-width: 1024px) 100vw, 1024px\" \/><\/figure><\/div>\n<\/div>\n\n\n\n<div class=\"wp-block-columns is-layout-flex wp-container-core-columns-is-layout-2 wp-block-columns-is-layout-flex\"><\/div>\n\n\n\n<div class=\"wp-block-group alignfull has-background is-content-justification-center is-layout-constrained wp-block-group-is-layout-constrained\" id=\"reviews\" style=\"border-style:none;border-width:0px;border-radius:0px;background-color:#ece5f2;min-height:0px\">\n<div class=\"wp-block-media-text alignwide is-stacked-on-mobile is-vertically-aligned-top\"><figure class=\"wp-block-media-text__media\"><img loading=\"lazy\" decoding=\"async\" width=\"1024\" height=\"714\" src=\"https:\/\/opjengenharia.com.br\/wp-content\/uploads\/2024\/07\/catedral-2-1024x714.png\" alt=\"\" class=\"wp-image-79 size-full\" srcset=\"https:\/\/opjengenharia.com.br\/wp-content\/uploads\/2024\/07\/catedral-2-1024x714.png 1024w, https:\/\/opjengenharia.com.br\/wp-content\/uploads\/2024\/07\/catedral-2-300x209.png 300w, https:\/\/opjengenharia.com.br\/wp-content\/uploads\/2024\/07\/catedral-2-768x535.png 768w, https:\/\/opjengenharia.com.br\/wp-content\/uploads\/2024\/07\/catedral-2-1536x1071.png 1536w, https:\/\/opjengenharia.com.br\/wp-content\/uploads\/2024\/07\/catedral-2-2048x1428.png 2048w\" sizes=\"(max-width: 1024px) 100vw, 1024px\" \/><\/figure><div class=\"wp-block-media-text__content\">\n<p class=\"has-ast-global-color-8-color has-text-color has-link-color wp-elements-1c7718ac99f96904464751b5b84d98b6\" style=\"font-size:25px\"><strong _msttexthash=\"694694\" _msthash=\"7564\">Destaque<\/strong><strong>s<\/strong><strong _msttexthash=\"694694\" _msthash=\"7564\"> do ano 2023 &#8211; SMACNA BRASIL<\/strong><\/p>\n\n\n\n<p class=\"has-text-align-left\">Paroquia Nossa Senhora Aparecida &#8211; Catedral de Cascavel, um pr\u00e9dio de patrim\u00f4nio tombado com tecnologia e moderniza\u00e7\u00e3o quando o assunto \u00e9 climatiza\u00e7\u00e3o.<\/p>\n\n\n\n<p>No ano de 2023 a OPJ Engenharia se inscreveu no Pr\u00eamio Destaques do Ano, o mais reputado e disputado do setor, criado em 1993 pela SMACNA Brasil, para atender os interesses e objetivos dos contratistas do setor de tratamento de ar e climatiza\u00e7\u00e3o.<\/p>\n\n\n\n<p>A OPJ Engenharia ficou entre os 6 empreendimentos premiados, ganhando o premio destaque pela categoria de &#8220;Obra Nova \/ Conforto&#8221; pela obra executada na Catedral de Cascavel. <\/p>\n<\/div><\/div>\n\n\n\n<p><\/p>\n\n\n\n<h3 class=\"wp-block-heading\">Conhe\u00e7a um pouco mais da obra e da premia\u00e7\u00e3o.<\/h3>\n\n\n\n<div class=\"wp-block-columns is-layout-flex wp-container-core-columns-is-layout-3 wp-block-columns-is-layout-flex\">\n<div class=\"wp-block-column is-layout-flow wp-block-column-is-layout-flow\" style=\"flex-basis:50%\">\n<figure class=\"wp-block-embed is-type-video is-provider-youtube wp-block-embed-youtube wp-embed-aspect-16-9 wp-has-aspect-ratio\"><div class=\"wp-block-embed__wrapper\">\n<div class=\"ast-oembed-container \" style=\"height: 100%;\"><iframe loading=\"lazy\" title=\"Catedral Metropolitana Nossa Senhora Aparecida - OPJ Engenharia\" width=\"500\" height=\"281\" src=\"https:\/\/www.youtube.com\/embed\/D-U2-JacwoI?start=162&#038;feature=oembed\" frameborder=\"0\" allow=\"accelerometer; autoplay; clipboard-write; encrypted-media; gyroscope; picture-in-picture; web-share\" referrerpolicy=\"strict-origin-when-cross-origin\" allowfullscreen><\/iframe><\/div>\n<\/div><\/figure>\n<\/div>\n\n\n\n<div class=\"wp-block-column is-layout-flow wp-block-column-is-layout-flow\"><\/div>\n\n\n\n<div class=\"wp-block-column is-layout-flow wp-block-column-is-layout-flow\"><\/div>\n\n\n\n<div class=\"wp-block-column is-layout-flow wp-block-column-is-layout-flow\"><\/div>\n\n\n\n<div class=\"wp-block-column is-layout-flow wp-block-column-is-layout-flow\" style=\"flex-basis:50%\">\n<figure class=\"wp-block-embed is-type-video is-provider-youtube wp-block-embed-youtube wp-embed-aspect-16-9 wp-has-aspect-ratio\"><div class=\"wp-block-embed__wrapper\">\n<div class=\"ast-oembed-container \" style=\"height: 100%;\"><iframe loading=\"lazy\" title=\"PR\u00caMIO DESTAQUES DO ANO SMACNA BRASIL 2023 - CATEDRAL NOSSA SENHORA APARECIDA - CASCAVEL - PR.\" width=\"500\" height=\"281\" src=\"https:\/\/www.youtube.com\/embed\/Qmd6BysBuGE?start=2&#038;feature=oembed\" frameborder=\"0\" allow=\"accelerometer; autoplay; clipboard-write; encrypted-media; gyroscope; picture-in-picture; web-share\" referrerpolicy=\"strict-origin-when-cross-origin\" allowfullscreen><\/iframe><\/div>\n<\/div><\/figure>\n<\/div>\n<\/div>\n<\/div>\n\n\n\n<figure class=\"wp-block-image alignfull size-full\" id=\"whyus\"><a href=\"https:\/\/opjengenharia.com.br\/index.php\/home\/clientes-1\/\"><img loading=\"lazy\" decoding=\"async\" width=\"3000\" height=\"2000\" src=\"https:\/\/opjengenharia.com.br\/wp-content\/uploads\/2024\/07\/clientes-1.png\" alt=\"\" class=\"wp-image-110\" srcset=\"https:\/\/opjengenharia.com.br\/wp-content\/uploads\/2024\/07\/clientes-1.png 3000w, https:\/\/opjengenharia.com.br\/wp-content\/uploads\/2024\/07\/clientes-1-300x200.png 300w, https:\/\/opjengenharia.com.br\/wp-content\/uploads\/2024\/07\/clientes-1-1024x683.png 1024w, https:\/\/opjengenharia.com.br\/wp-content\/uploads\/2024\/07\/clientes-1-768x512.png 768w, https:\/\/opjengenharia.com.br\/wp-content\/uploads\/2024\/07\/clientes-1-1536x1024.png 1536w, https:\/\/opjengenharia.com.br\/wp-content\/uploads\/2024\/07\/clientes-1-2048x1365.png 2048w\" sizes=\"(max-width: 3000px) 100vw, 3000px\" \/><\/a><\/figure>\n\n\n\n<div class=\"wp-block-group alignfull has-background-color has-white-color has-text-color has-background has-link-color wp-elements-d8d2422b93b91c7043b5f7ef57ed1008 is-vertical is-content-justification-stretch is-layout-flex wp-container-core-group-is-layout-7 wp-block-group-is-layout-flex\" id=\"contact\" style=\"background-color:#02003f;min-height:40vh;margin-top:0;margin-bottom:0;padding-top:var(--wp--preset--spacing--60);padding-right:var(--wp--preset--spacing--40);padding-bottom:var(--wp--preset--spacing--60);padding-left:var(--wp--preset--spacing--40)\">\n<div class=\"wp-block-columns alignwide has-small-font-size is-layout-flex wp-container-core-columns-is-layout-4 wp-block-columns-is-layout-flex\">\n<div class=\"wp-block-column is-layout-flow wp-block-column-is-layout-flow\">\n<p class=\"has-text-align-center\" style=\"font-size:21px\"><strong>Localiza\u00e7\u00e3o<\/strong><\/p>\n\n\n\n<p class=\"has-text-align-center\" style=\"font-size:17px\">Tun\u00edsia 146, Pineville, Pinhais, PR 83320-250, Brasil<\/p>\n\n\n\n<div style=\"height:24px\" aria-hidden=\"true\" class=\"wp-block-spacer\"><\/div>\n<\/div>\n\n\n\n<div class=\"wp-block-column is-layout-flow wp-block-column-is-layout-flow\">\n<p class=\"has-text-align-center\" style=\"font-size:22px\"><strong>Comercial<\/strong><\/p>\n\n\n<nav style=\"font-size:16px;\" class=\"items-justified-center is-vertical no-wrap wp-block-navigation is-content-justification-center is-nowrap is-layout-flex wp-container-core-navigation-is-layout-1 wp-block-navigation-is-layout-flex\" aria-label=\"Navigation\"><ul style=\"font-size:16px;\" class=\"wp-block-navigation__container items-justified-center is-vertical no-wrap wp-block-navigation\"><li style=\"font-size: 16px;\" class=\" wp-block-navigation-item wp-block-navigation-link\"><a class=\"wp-block-navigation-item__content\"  href=\"https:\/\/opjengenharia.com.br\/\"><span class=\"wp-block-navigation-item__label\">contato@opjengenharia.com.br<\/span><\/a><\/li><\/ul><\/nav><\/div>\n\n\n\n<div class=\"wp-block-column is-layout-flow wp-block-column-is-layout-flow\">\n<p class=\"has-text-align-center\" style=\"font-size:22px\"><strong>Suporte e informa\u00e7\u00e3o<\/strong><\/p>\n\n\n\n<div class=\"wp-block-group is-vertical is-content-justification-center is-layout-flex wp-container-core-group-is-layout-6 wp-block-group-is-layout-flex\">\n<p style=\"font-size:16px\"><a href=\"#\">+55 (41) 3165-4267<\/a><\/p>\n\n\n\n<p><\/p>\n\n\n\n<p><\/p>\n<\/div>\n<\/div>\n<\/div>\n<\/div>\n","protected":false},"excerpt":{"rendered":"<p>Nossa Casa Nosso time de colaboradores \u00e9 a nossa maior ess\u00eancia. Com profissionais qualificados, oferecemos aos nossos clientes um atendimento [&hellip;]<\/p>\n","protected":false},"author":1,"featured_media":0,"parent":0,"menu_order":0,"comment_status":"closed","ping_status":"closed","template":"","meta":{"site-sidebar-layout":"no-sidebar","site-content-layout":"plain-container","ast-site-content-layout":"","site-content-style":"default","site-sidebar-style":"default","ast-global-header-display":"","ast-banner-title-visibility":"","ast-main-header-display":"","ast-hfb-above-header-display":"","ast-hfb-below-header-display":"","ast-hfb-mobile-header-display":"","site-post-title":"disabled","ast-breadcrumbs-content":"","ast-featured-img":"","footer-sml-layout":"","theme-transparent-header-meta":"enabled","adv-header-id-meta":"","stick-header-meta":"","header-above-stick-meta":"","header-main-stick-meta":"","header-below-stick-meta":"","astra-migrate-meta-layouts":"default","ast-page-background-enabled":"default","ast-page-background-meta":{"desktop":{"background-color":"var(--ast-global-color-4)","background-image":"","background-repeat":"repeat","background-position":"center center","background-size":"auto","background-attachment":"scroll","background-type":"","background-media":"","overlay-type":"","overlay-color":"","overlay-opacity":"","overlay-gradient":""},"tablet":{"background-color":"","background-image":"","background-repeat":"repeat","background-position":"center center","background-size":"auto","background-attachment":"scroll","background-type":"","background-media":"","overlay-type":"","overlay-color":"","overlay-opacity":"","overlay-gradient":""},"mobile":{"background-color":"","background-image":"","background-repeat":"repeat","background-position":"center center","background-size":"auto","background-attachment":"scroll","background-type":"","background-media":"","overlay-type":"","overlay-color":"","overlay-opacity":"","overlay-gradient":""}},"ast-content-background-meta":{"desktop":{"background-color":"var(--ast-global-color-5)","background-image":"","background-repeat":"repeat","background-position":"center center","background-size":"auto","background-attachment":"scroll","background-type":"","background-media":"","overlay-type":"","overlay-color":"","overlay-opacity":"","overlay-gradient":""},"tablet":{"background-color":"var(--ast-global-color-5)","background-image":"","background-repeat":"repeat","background-position":"center center","background-size":"auto","background-attachment":"scroll","background-type":"","background-media":"","overlay-type":"","overlay-color":"","overlay-opacity":"","overlay-gradient":""},"mobile":{"background-color":"var(--ast-global-color-5)","background-image":"","background-repeat":"repeat","background-position":"center center","background-size":"auto","background-attachment":"scroll","background-type":"","background-media":"","overlay-type":"","overlay-color":"","overlay-opacity":"","overlay-gradient":""}},"footnotes":""},"class_list":["post-7","page","type-page","status-publish","hentry"],"_links":{"self":[{"href":"https:\/\/opjengenharia.com.br\/index.php\/wp-json\/wp\/v2\/pages\/7"}],"collection":[{"href":"https:\/\/opjengenharia.com.br\/index.php\/wp-json\/wp\/v2\/pages"}],"about":[{"href":"https:\/\/opjengenharia.com.br\/index.php\/wp-json\/wp\/v2\/types\/page"}],"author":[{"embeddable":true,"href":"https:\/\/opjengenharia.com.br\/index.php\/wp-json\/wp\/v2\/users\/1"}],"replies":[{"embeddable":true,"href":"https:\/\/opjengenharia.com.br\/index.php\/wp-json\/wp\/v2\/comments?post=7"}],"version-history":[{"count":60,"href":"https:\/\/opjengenharia.com.br\/index.php\/wp-json\/wp\/v2\/pages\/7\/revisions"}],"predecessor-version":[{"id":147,"href":"https:\/\/opjengenharia.com.br\/index.php\/wp-json\/wp\/v2\/pages\/7\/revisions\/147"}],"wp:attachment":[{"href":"https:\/\/opjengenharia.com.br\/index.php\/wp-json\/wp\/v2\/media?parent=7"}],"curies":[{"name":"wp","href":"https:\/\/api.w.org\/{rel}","templated":true}]}}